{"id":634,"date":"2018-02-07T16:24:04","date_gmt":"2018-02-07T15:24:04","guid":{"rendered":"http:\/\/maskemaske.berlin\/?page_id=634"},"modified":"2023-08-05T16:19:18","modified_gmt":"2023-08-05T14:19:18","slug":"c","status":"publish","type":"page","link":"https:\/\/maskemaske.berlin\/en\/c\/","title":{"rendered":"charlottenburg"},"content":{"rendered":"<div class=\"wpb-content-wrapper\"><p>[vc_row css_animation=&#8221;&#8221; row_type=&#8221;row&#8221; use_row_as_full_screen_section=&#8221;no&#8221; type=&#8221;grid&#8221; text_align=&#8221;center&#8221; padding_top=&#8221;99&#8243; padding_bottom=&#8221;95&#8243;][vc_column][vc_column_text]<\/p>\n<h2 style=\"text-align: center;\">welcome to schlo\u00dfstra\u00dfe<\/h2>\n<p>[\/vc_column_text][\/vc_column][\/vc_row][vc_row css_animation=&#8221;&#8221; row_type=&#8221;row&#8221; use_row_as_full_screen_section=&#8221;no&#8221; type=&#8221;grid&#8221; anchor=&#8221;range&#8221; text_align=&#8221;left&#8221; pattern_background=&#8221;pattern_background&#8221; padding_bottom=&#8221;22&#8243;][vc_column offset=&#8221;vc_col-md-7&#8243;][vc_gallery interval=&#8221;3&#8243; images=&#8221;1199,1201,1203&#8243; img_size=&#8221;full&#8221; el_class=&#8221;slider-column&#8221;][vc_column_text css=&#8221;.vc_custom_1691245141629{padding-bottom: 19px !important;}&#8221;]<\/p>\n<h5 style=\"text-align: right;\">Vacation Regulations<\/h5>\n<p>[\/vc_column_text][vc_column_text]<\/p>\n<p style=\"text-align: right;\">In <a href=\"https:\/\/maskemaske.berlin\/en\/\"><strong>Tiergarten<\/strong><\/a> we await you without a break during the whole summer.<\/p>\n<p>&nbsp;<\/p>\n<p style=\"text-align: right;\">In <a href=\"https:\/\/maskemaske.berlin\/en\/c\/\"><strong>Charlottenburg<\/strong><\/a> we will be closed from August 15th to September 2nd.<\/p>\n<p>[\/vc_column_text][vc_empty_space height=&#8221;40px&#8221;][\/vc_column][vc_column offset=&#8221;vc_col-md-5&#8243;][qode_elements_holder number_of_columns=&#8221;one_column&#8221;][qode_elements_holder_item item_padding=&#8221;15% 5% 0 8%&#8221; item_padding_768_1024=&#8221;4% 5% 0 8%&#8221; item_padding_600_768=&#8221;0% 2% 0 0%&#8221; item_padding_480_600=&#8221;0% 2% 0 1%&#8221; item_padding_480=&#8221;0% 2% 0 1%&#8221;][vc_empty_space height=&#8221;2px&#8221;][vc_column_text css=&#8221;.vc_custom_1691244809727{padding-bottom: 19px !important;}&#8221;]<\/p>\n<h5><strong>Limited Editions \u2013<br \/>\nonly for a short time<\/strong><\/h5>\n<p>[\/vc_column_text][vc_column_text]For our 25th anniversary, we have created three special sunglasses for you, each as a limited edition. There are exactly 25 pieces of each model &#8211; in relation to our 25th anniversary.<\/p>\n<p>&nbsp;<\/p>\n<p>Two of the sunglasses were custom designed by our longtime partner <a href=\"https:\/\/lindberg.com\" target=\"_blank\" rel=\"noopener\">LINDBERG Eyewear<\/a> and one of the limited edition models comes from the Home <a href=\"https:\/\/www.gotti.ch\/de\" target=\"_blank\" rel=\"noopener\">G\u00f6tti<\/a>, created using the 3D printing process. All models are marked with a serial number of <strong>25<\/strong>.<\/p>\n<p>&nbsp;<\/p>\n<p>Of course, we are also happy to glaze the models with your power and in your desired color. Or have you ever thought about polarized lenses? This filter is available to you until the end of August at no additional charge.[\/vc_column_text][vc_empty_space height=&#8221;40px&#8221;][\/qode_elements_holder_item][\/qode_elements_holder][\/vc_column][\/vc_row][vc_row css_animation=&#8221;&#8221; row_type=&#8221;row&#8221; use_row_as_full_screen_section=&#8221;no&#8221; type=&#8221;grid&#8221; anchor=&#8221;welcome&#8221; text_align=&#8221;right&#8221; padding_bottom=&#8221;37&#8243;][vc_column offset=&#8221;vc_col-md-5&#8243;][qode_elements_holder number_of_columns=&#8221;one_column&#8221;][qode_elements_holder_item item_padding=&#8221;16% 8% 0 4%&#8221; item_padding_768_1024=&#8221;5% 8% 0 4%&#8221; item_padding_600_768=&#8221;0% 0% 0 2%&#8221; item_padding_480_600=&#8221;0% 1% 0 2%&#8221; item_padding_480=&#8221;0% 1% 0 2%&#8221;][vc_empty_space height=&#8221;2px&#8221;][vc_column_text]<\/p>\n<h5>Front Row since 1998<\/h5>\n<p>[\/vc_column_text][vc_empty_space height=&#8221;19px&#8221;][vc_column_text]When we were looking for a location for our store in 1998 we fell in love with the neighborhood around the Charlottenburger castle. The bright corner store on Schustehrusstra\u00dfe was to build the foundation for the selection of high-quality frames and sunglasses with excellent lenses, which we aim to offer our customers.[\/vc_column_text][vc_empty_space height=&#8221;19px&#8221;][\/qode_elements_holder_item][\/qode_elements_holder][\/vc_column][vc_column offset=&#8221;vc_col-md-7&#8243;][vc_single_image source=&#8221;external_link&#8221; external_img_size=&#8221;632&#215;369&#8243; qode_css_animation=&#8221;&#8221; custom_src=&#8221;https:\/\/www.berlin.de\/ba-charlottenburg-wilmersdorf\/ueber-den-bezirk\/freiflaechen\/strassen\/mdb-klausener_5109.jpg&#8221; href=&#8221;&#8220;https:\/\/www.berlin.de\/ba-charlottenburg-wilmersdorf\/ueber-den-bezirk\/freiflaechen\/strassen\/artikel.177494.php&#8220;&#8221; target=&#8221;&#8220;_blank&#8220;&#8221; caption=&#8221;Schlo\u00dfstra\u00dfe, middle promenade, 27.03.2008, Photo: Raimund M\u00fcller, Source: berlin.de (http:\/\/bit.ly\/2sNWhrL)&#8221;][vc_empty_space height=&#8221;40px&#8221;][\/vc_column][\/vc_row][vc_row css_animation=&#8221;&#8221; row_type=&#8221;row&#8221; use_row_as_full_screen_section=&#8221;no&#8221; type=&#8221;grid&#8221; anchor=&#8221;range&#8221; text_align=&#8221;left&#8221; pattern_background=&#8221;pattern_background&#8221; padding_bottom=&#8221;22&#8243;][vc_column offset=&#8221;vc_col-md-7&#8243;][vc_single_image image=&#8221;291&#8243; img_size=&#8221;354&#215;629&#8243; alignment=&#8221;right&#8221; qode_css_animation=&#8221;&#8221;][vc_empty_space height=&#8221;40px&#8221;][\/vc_column][vc_column offset=&#8221;vc_col-md-5&#8243;][qode_elements_holder number_of_columns=&#8221;one_column&#8221;][qode_elements_holder_item item_padding=&#8221;15% 5% 0 8%&#8221; item_padding_768_1024=&#8221;4% 5% 0 8%&#8221; item_padding_600_768=&#8221;0% 2% 0 0%&#8221; item_padding_480_600=&#8221;0% 2% 0 1%&#8221; item_padding_480=&#8221;0% 2% 0 1%&#8221;][vc_empty_space height=&#8221;2px&#8221;][vc_column_text]<\/p>\n<h5>Lenses, Glasses and Contact Lenses<\/h5>\n<p>[\/vc_column_text][vc_empty_space height=&#8221;19px&#8221;][vc_column_text]The correct <strong>lenses<\/strong> determine the quality of vision. That&#8217;s why we make no compromises: best quality from <a href=\"https:\/\/www.zeiss.de\/vision-care\/de_de\/products-services\/brillenglaeser.html\" target=\"_blank\" rel=\"noopener\">ZEISS<\/a>.<br \/>\nFor the ideal alignment and individual production of the thinnest and lightest lenses, we use\u00a0<a href=\"https:\/\/www.zeiss.de\/vision-care\/de_de\/products-services\/brillenglaeser.html\" target=\"_blank\" rel=\"noopener\">ZEISS<\/a> VideoInfralSystem.<br \/>\nFor special lenses we can also resort to various non-standard firms.<\/p>\n<p>&nbsp;<\/p>\n<p><b>Frames<\/b> must deliver what they promise. High wearing-comfort, longevity, good workmanship and beauty of form are the criteria for our selection.<\/p>\n<p>&nbsp;<\/p>\n<p><b>Contact lenses<\/b> are individually fitted by a licensed optometrist. With this process your health is of utmost importance to us. We will fit you with either soft or hard contact lenses depending on your needs.[\/vc_column_text][vc_empty_space height=&#8221;40px&#8221;][\/qode_elements_holder_item][\/qode_elements_holder][\/vc_column][\/vc_row][vc_row css_animation=&#8221;&#8221; row_type=&#8221;row&#8221; use_row_as_full_screen_section=&#8221;no&#8221; type=&#8221;grid&#8221; anchor=&#8221;goggles&#8221; text_align=&#8221;right&#8221; padding_bottom=&#8221;37&#8243;][vc_column offset=&#8221;vc_col-md-5&#8243;][qode_elements_holder number_of_columns=&#8221;one_column&#8221;][qode_elements_holder_item item_padding=&#8221;16% 8% 0 4%&#8221; item_padding_768_1024=&#8221;5% 8% 0 4%&#8221; item_padding_600_768=&#8221;0% 0% 0 2%&#8221; item_padding_480_600=&#8221;0% 1% 0 2%&#8221; item_padding_480=&#8221;0% 1% 0 2%&#8221;][vc_empty_space height=&#8221;2px&#8221;][vc_column_text]<\/p>\n<h5>Glasses for Kids<\/h5>\n<p>[\/vc_column_text][vc_empty_space height=&#8221;19px&#8221;][vc_column_text]In our glasses shop for kids, called \u00bbSchlo\u00dfgespenster\u00ab we focus on the wishes of kids and their parents. The big selection of fun, colorful, robust and child-suitable glasses can make the first pair of glasses a delight.[\/vc_column_text][vc_empty_space height=&#8221;19px&#8221;][vc_column_text]<\/p>\n<h5>Manufacturers and vendors<\/h5>\n<p>[\/vc_column_text][vc_empty_space height=&#8221;19px&#8221;][vc_column_text]<\/p>\n<p style=\"text-align: right;\"><a href=\"http:\/\/www.young-fashion-eyewear.de\/kids\/die-wilden-kerle.html\/\" target=\"_blank\" rel=\"noopener\">Die wilden Kerle<\/a> \u2014 <a href=\"http:\/\/www.young-fashion-eyewear.de\/kids\/die-maus.html\/\" target=\"_blank\" rel=\"noopener\">Die Maus<\/a> \u2014 <a href=\"http:\/\/www.young-fashion-eyewear.de\/teens\/hello-kitty.html\/\" target=\"_blank\" rel=\"noopener\">Hello Kitty<\/a><br \/>\n<a href=\"http:\/\/www.young-fashion-eyewear.de\/index.php?id=275\" target=\"_blank\" rel=\"noopener\">Jako-o<\/a> \u2014 <a href=\"http:\/\/www.young-fashion-eyewear.de\/kids\/janosch.html\/\" target=\"_blank\" rel=\"noopener\">Janosch<\/a> \u2014 <a href=\"http:\/\/www.young-fashion-eyewear.de\/index.php?id=415\" target=\"_blank\" rel=\"noopener\">Jeep<\/a> \u2014 <a href=\"http:\/\/www.young-fashion-eyewear.de\/kids\/lillebi.html\/\" target=\"_blank\" rel=\"noopener\">Lillebi<\/a><br \/>\n<a href=\"http:\/\/www.young-fashion-eyewear.de\/teens\/new-york-yankees.html\/\" target=\"_blank\" rel=\"noopener\">New York Yankees<\/a> \u2014 <a href=\"http:\/\/www.young-fashion-eyewear.de\/kids\/nici.html\/\" target=\"_blank\" rel=\"noopener\">Nici<\/a> \u2014 <a href=\"http:\/\/www.young-fashion-eyewear.de\/kids\/spiderman.html\/\" target=\"_blank\" rel=\"noopener\">Spider-Man<\/a><br \/>\n<a href=\"http:\/\/www.young-fashion-eyewear.de\/teens\/star-wars.html\/\" target=\"_blank\" rel=\"noopener\">Star Wars<\/a> \u2014 <a href=\"http:\/\/www.young-fashion-eyewear.de\/teens\/vulkan.html\/\" target=\"_blank\" rel=\"noopener\">Vulkan<\/a> \u2014 <a href=\"http:\/\/www.young-fashion-eyewear.de\/kids\/vulkani.html\/\" target=\"_blank\" rel=\"noopener\">Vulkani<\/a> \u2014 <a href=\"http:\/\/discover.adidas.de\/pages\/sites\/eyewear\/\" target=\"_blank\" rel=\"noopener\">Adidas<\/a><br \/>\n<a href=\"http:\/\/www.dutzeyewear.com\/default.aspx?page=collectie&amp;filter=children\" target=\"_blank\" rel=\"noopener\">Dutz Eyewear<\/a> \u2014 <a href=\"http:\/\/www.inface.dk\/collection\/category\/KID\" target=\"_blank\" rel=\"noopener\">Inface<\/a> \u2014 <a href=\"http:\/\/www.lafont.com\/InteractivesHome\/flashenfant\/univers-enfant-english.html\" target=\"_blank\" rel=\"noopener\">Lafont (Kinder)<\/a><br \/>\n<a href=\"http:\/\/www.lafont.com\/ContentPage.aspx?PageId=207\" target=\"_blank\" rel=\"noopener\">Lafont (Jugendliche)<\/a> \u2014 <a href=\"http:\/\/www.lindberg.com\/\" target=\"_blank\" rel=\"noopener\">LINDBERG<\/a><br \/>\n<a href=\"http:\/\/www.eschenbach-optik.com\/de\/Frames.642.0.html\" target=\"_blank\" rel=\"noopener\">oio Kinderbrillen<\/a> \u2014 <a href=\"http:\/\/www.ray-ban.com\/\" target=\"_blank\" rel=\"noopener\">Ray Ban<\/a> \u2014 <a href=\"http:\/\/www.orlagunter.alfahosting.org\/kollektionen\/solano\/\" target=\"_blank\" rel=\"noopener\">Solano<\/a><br \/>\n<a href=\"https:\/\/www.zeiss.de\/vision-care\/de_de\/home.html\" target=\"_blank\" rel=\"noopener\">Zeiss<\/a><\/p>\n<p>[\/vc_column_text][vc_empty_space height=&#8221;40px&#8221;][\/qode_elements_holder_item][\/qode_elements_holder][\/vc_column][vc_column offset=&#8221;vc_col-md-7&#8243;][vc_single_image image=&#8221;345&#8243; img_size=&#8221;full&#8221; qode_css_animation=&#8221;&#8221;][vc_empty_space height=&#8221;40px&#8221;][\/vc_column][\/vc_row][vc_row css_animation=&#8221;&#8221; row_type=&#8221;row&#8221; use_row_as_full_screen_section=&#8221;no&#8221; type=&#8221;full_width&#8221; anchor=&#8221;location&#8221; text_align=&#8221;left&#8221; background_color=&#8221;#aaa89a&#8221;][vc_column][vc_column_text css=&#8221;.vc_custom_1687600087597{padding-top: 40px !important;padding-bottom: 40px !important;}&#8221;]<\/p>\n<h2 style=\"text-align: center;\"><span style=\"color: #fef9e5;\">how to find us<\/span><\/h2>\n<p>[\/vc_column_text][\/vc_column][\/vc_row][vc_row css_animation=&#8221;&#8221; row_type=&#8221;row&#8221; use_row_as_full_screen_section=&#8221;no&#8221; type=&#8221;full_width&#8221; anchor=&#8221;location&#8221; text_align=&#8221;left&#8221; background_color=&#8221;#aaa89a&#8221; css=&#8221;.vc_custom_1687600026613{margin-bottom: 40px !important;}&#8221;][vc_column][vc_gmaps link=&#8221;#E-8_JTNDaWZyYW1lJTIwc3JjJTNEJTIyaHR0cHMlM0ElMkYlMkZ3d3cuZ29vZ2xlLmNvbSUyRm1hcHMlMkZlbWJlZCUzRnBiJTNEJTIxMW0xOCUyMTFtMTIlMjExbTMlMjExZDI0MjcuOTIyNTg5NDcxOTklMjEyZDEzLjI5NDk2MTMxNjEyMDIyOCUyMTNkNTIuNTE2NzM5OTc5ODEzNjg2JTIxMm0zJTIxMWYwJTIxMmYwJTIxM2YwJTIxM20yJTIxMWkxMDI0JTIxMmk3NjglMjE0ZjEzLjElMjEzbTMlMjExbTIlMjExczB4NDdhODUxMjYwNGQ2OWVhNyUyNTNBMHhlYWRmNDA2YmY3Yzg3YmNiJTIxMnNTY2hsbyUyNUMzJTI1OUZzdHJhJTI1QzMlMjU5RmUlMkI2MCUyNTJDJTJCMTQwNTklMkJCZXJsaW4lMjE1ZTAlMjEzbTIlMjExc2RlJTIxMnNkZSUyMTR2MTQ5ODY5MjYxNjA3NSUyMiUyMHdpZHRoJTNEJTIyODAwJTIyJTIwaGVpZ2h0JTNEJTIyNjAwJTIyJTIwZnJhbWVib3JkZXIlM0QlMjIwJTIyJTIwc3R5bGUlM0QlMjJib3JkZXIlM0EwJTIyJTIwYWxsb3dmdWxsc2NyZWVuJTNFJTNDJTJGaWZyYW1lJTNF&#8221; size=&#8221;350&#8243;][\/vc_column][\/vc_row]<\/p>\n<\/div>","protected":false},"excerpt":{"rendered":"<p>[vc_row css_animation=&#8221;&#8221; row_type=&#8221;row&#8221; use_row_as_full_screen_section=&#8221;no&#8221; type=&#8221;grid&#8221; text_align=&#8221;center&#8221; padding_top=&#8221;99&#8243; padding_bottom=&#8221;95&#8243;][vc_column][vc_column_text] welcome to schlo\u00dfstra\u00dfe [\/vc_column_text][\/vc_column][\/vc_row][vc_row css_animation=&#8221;&#8221; row_type=&#8221;row&#8221; use_row_as_full_screen_section=&#8221;no&#8221; type=&#8221;grid&#8221; anchor=&#8221;range&#8221; text_align=&#8221;left&#8221; pattern_background=&#8221;pattern_background&#8221; padding_bottom=&#8221;22&#8243;][vc_column offset=&#8221;vc_col-md-7&#8243;][vc_gallery interval=&#8221;3&#8243; images=&#8221;1199,1201,1203&#8243; img_size=&#8221;full&#8221; el_class=&#8221;slider-column&#8221;][vc_column_text css=&#8221;.vc_custom_1691245141629{padding-bottom: 19px !important;}&#8221;] Vacation Regulations [\/vc_column_text][vc_column_text] In Tiergarten we await you without a break during the whole summer. &nbsp; In&#8230;<\/p>\n","protected":false},"author":1,"featured_media":0,"parent":0,"menu_order":6,"comment_status":"closed","ping_status":"closed","template":"full_width.php","meta":{"footnotes":""},"class_list":["post-634","page","type-page","status-publish","hentry"],"yoast_head":"<!-- This site is optimized with the Yoast SEO plugin v27.4 - https:\/\/yoast.com\/product\/yoast-seo-wordpress\/ -->\n<title>charlottenburg &#8212; maske &amp; maske berlin<\/title>\n<meta name=\"robots\" content=\"index, follow, max-snippet:-1, max-image-preview:large, max-video-preview:-1\" \/>\n<link rel=\"canonical\" href=\"https:\/\/maskemaske.berlin\/en\/c\/\" \/>\n<meta property=\"og:locale\" content=\"en_US\" \/>\n<meta property=\"og:type\" content=\"article\" \/>\n<meta property=\"og:title\" content=\"charlottenburg &#8212; maske &amp; maske berlin\" \/>\n<meta property=\"og:description\" content=\"[vc_row css_animation=&#8221;&#8221; row_type=&#8221;row&#8221; use_row_as_full_screen_section=&#8221;no&#8221; type=&#8221;grid&#8221; text_align=&#8221;center&#8221; padding_top=&#8221;99&#8243; padding_bottom=&#8221;95&#8243;][vc_column][vc_column_text] welcome to schlo\u00dfstra\u00dfe [\/vc_column_text][\/vc_column][\/vc_row][vc_row css_animation=&#8221;&#8221; row_type=&#8221;row&#8221; use_row_as_full_screen_section=&#8221;no&#8221; type=&#8221;grid&#8221; anchor=&#8221;range&#8221; text_align=&#8221;left&#8221; pattern_background=&#8221;pattern_background&#8221; padding_bottom=&#8221;22&#8243;][vc_column offset=&#8221;vc_col-md-7&#8243;][vc_gallery interval=&#8221;3&#8243; images=&#8221;1199,1201,1203&#8243; img_size=&#8221;full&#8221; el_class=&#8221;slider-column&#8221;][vc_column_text css=&#8221;.vc_custom_1691245141629{padding-bottom: 19px !important;}&#8221;] Vacation Regulations [\/vc_column_text][vc_column_text] In Tiergarten we await you without a break during the whole summer. &nbsp; In...\" \/>\n<meta property=\"og:url\" content=\"https:\/\/maskemaske.berlin\/en\/c\/\" \/>\n<meta property=\"og:site_name\" content=\"maske &amp; maske berlin\" \/>\n<meta property=\"article:publisher\" content=\"https:\/\/www.facebook.com\/maskemaske.tiergarten\" \/>\n<meta property=\"article:modified_time\" content=\"2023-08-05T14:19:18+00:00\" \/>\n<meta name=\"twitter:card\" content=\"summary_large_image\" \/>\n<meta name=\"twitter:label1\" content=\"Est. reading time\" \/>\n\t<meta name=\"twitter:data1\" content=\"4 minutes\" \/>\n<script type=\"application\/ld+json\" class=\"yoast-schema-graph\">{\"@context\":\"https:\\\/\\\/schema.org\",\"@graph\":[{\"@type\":\"WebPage\",\"@id\":\"https:\\\/\\\/maskemaske.berlin\\\/en\\\/c\\\/\",\"url\":\"https:\\\/\\\/maskemaske.berlin\\\/en\\\/c\\\/\",\"name\":\"charlottenburg &#8212; maske &amp; maske berlin\",\"isPartOf\":{\"@id\":\"https:\\\/\\\/maskemaske.berlin\\\/en\\\/#website\"},\"datePublished\":\"2018-02-07T15:24:04+00:00\",\"dateModified\":\"2023-08-05T14:19:18+00:00\",\"breadcrumb\":{\"@id\":\"https:\\\/\\\/maskemaske.berlin\\\/en\\\/c\\\/#breadcrumb\"},\"inLanguage\":\"en-US\",\"potentialAction\":[{\"@type\":\"ReadAction\",\"target\":[\"https:\\\/\\\/maskemaske.berlin\\\/en\\\/c\\\/\"]}]},{\"@type\":\"BreadcrumbList\",\"@id\":\"https:\\\/\\\/maskemaske.berlin\\\/en\\\/c\\\/#breadcrumb\",\"itemListElement\":[{\"@type\":\"ListItem\",\"position\":1,\"name\":\"Startseite\",\"item\":\"https:\\\/\\\/maskemaske.berlin\\\/en\\\/\"},{\"@type\":\"ListItem\",\"position\":2,\"name\":\"charlottenburg\"}]},{\"@type\":\"WebSite\",\"@id\":\"https:\\\/\\\/maskemaske.berlin\\\/en\\\/#website\",\"url\":\"https:\\\/\\\/maskemaske.berlin\\\/en\\\/\",\"name\":\"maske &amp; maske berlin\",\"description\":\"LINDBERG Premium Partner\",\"publisher\":{\"@id\":\"https:\\\/\\\/maskemaske.berlin\\\/en\\\/#organization\"},\"potentialAction\":[{\"@type\":\"SearchAction\",\"target\":{\"@type\":\"EntryPoint\",\"urlTemplate\":\"https:\\\/\\\/maskemaske.berlin\\\/en\\\/?s={search_term_string}\"},\"query-input\":{\"@type\":\"PropertyValueSpecification\",\"valueRequired\":true,\"valueName\":\"search_term_string\"}}],\"inLanguage\":\"en-US\"},{\"@type\":\"Organization\",\"@id\":\"https:\\\/\\\/maskemaske.berlin\\\/en\\\/#organization\",\"name\":\"maske & maske Augenoptik GbR\",\"url\":\"https:\\\/\\\/maskemaske.berlin\\\/en\\\/\",\"logo\":{\"@type\":\"ImageObject\",\"inLanguage\":\"en-US\",\"@id\":\"https:\\\/\\\/maskemaske.berlin\\\/en\\\/#\\\/schema\\\/logo\\\/image\\\/\",\"url\":\"https:\\\/\\\/maskemaske.berlin\\\/2017\\\/wp-content\\\/uploads\\\/2017\\\/07\\\/mm_2017_logo_04.png\",\"contentUrl\":\"https:\\\/\\\/maskemaske.berlin\\\/2017\\\/wp-content\\\/uploads\\\/2017\\\/07\\\/mm_2017_logo_04.png\",\"width\":403,\"height\":125,\"caption\":\"maske & maske Augenoptik GbR\"},\"image\":{\"@id\":\"https:\\\/\\\/maskemaske.berlin\\\/en\\\/#\\\/schema\\\/logo\\\/image\\\/\"},\"sameAs\":[\"https:\\\/\\\/www.facebook.com\\\/maskemaske.tiergarten\",\"http:\\\/\\\/maskemaske.berlin\"]}]}<\/script>\n<!-- \/ Yoast SEO plugin. -->","yoast_head_json":{"title":"charlottenburg &#8212; maske &amp; maske berlin","robots":{"index":"index","follow":"follow","max-snippet":"max-snippet:-1","max-image-preview":"max-image-preview:large","max-video-preview":"max-video-preview:-1"},"canonical":"https:\/\/maskemaske.berlin\/en\/c\/","og_locale":"en_US","og_type":"article","og_title":"charlottenburg &#8212; maske &amp; maske berlin","og_description":"[vc_row css_animation=&#8221;&#8221; row_type=&#8221;row&#8221; use_row_as_full_screen_section=&#8221;no&#8221; type=&#8221;grid&#8221; text_align=&#8221;center&#8221; padding_top=&#8221;99&#8243; padding_bottom=&#8221;95&#8243;][vc_column][vc_column_text] welcome to schlo\u00dfstra\u00dfe [\/vc_column_text][\/vc_column][\/vc_row][vc_row css_animation=&#8221;&#8221; row_type=&#8221;row&#8221; use_row_as_full_screen_section=&#8221;no&#8221; type=&#8221;grid&#8221; anchor=&#8221;range&#8221; text_align=&#8221;left&#8221; pattern_background=&#8221;pattern_background&#8221; padding_bottom=&#8221;22&#8243;][vc_column offset=&#8221;vc_col-md-7&#8243;][vc_gallery interval=&#8221;3&#8243; images=&#8221;1199,1201,1203&#8243; img_size=&#8221;full&#8221; el_class=&#8221;slider-column&#8221;][vc_column_text css=&#8221;.vc_custom_1691245141629{padding-bottom: 19px !important;}&#8221;] Vacation Regulations [\/vc_column_text][vc_column_text] In Tiergarten we await you without a break during the whole summer. &nbsp; In...","og_url":"https:\/\/maskemaske.berlin\/en\/c\/","og_site_name":"maske &amp; maske berlin","article_publisher":"https:\/\/www.facebook.com\/maskemaske.tiergarten","article_modified_time":"2023-08-05T14:19:18+00:00","twitter_card":"summary_large_image","twitter_misc":{"Est. reading time":"4 minutes"},"schema":{"@context":"https:\/\/schema.org","@graph":[{"@type":"WebPage","@id":"https:\/\/maskemaske.berlin\/en\/c\/","url":"https:\/\/maskemaske.berlin\/en\/c\/","name":"charlottenburg &#8212; maske &amp; maske berlin","isPartOf":{"@id":"https:\/\/maskemaske.berlin\/en\/#website"},"datePublished":"2018-02-07T15:24:04+00:00","dateModified":"2023-08-05T14:19:18+00:00","breadcrumb":{"@id":"https:\/\/maskemaske.berlin\/en\/c\/#breadcrumb"},"inLanguage":"en-US","potentialAction":[{"@type":"ReadAction","target":["https:\/\/maskemaske.berlin\/en\/c\/"]}]},{"@type":"BreadcrumbList","@id":"https:\/\/maskemaske.berlin\/en\/c\/#breadcrumb","itemListElement":[{"@type":"ListItem","position":1,"name":"Startseite","item":"https:\/\/maskemaske.berlin\/en\/"},{"@type":"ListItem","position":2,"name":"charlottenburg"}]},{"@type":"WebSite","@id":"https:\/\/maskemaske.berlin\/en\/#website","url":"https:\/\/maskemaske.berlin\/en\/","name":"maske &amp; maske berlin","description":"LINDBERG Premium Partner","publisher":{"@id":"https:\/\/maskemaske.berlin\/en\/#organization"},"potentialAction":[{"@type":"SearchAction","target":{"@type":"EntryPoint","urlTemplate":"https:\/\/maskemaske.berlin\/en\/?s={search_term_string}"},"query-input":{"@type":"PropertyValueSpecification","valueRequired":true,"valueName":"search_term_string"}}],"inLanguage":"en-US"},{"@type":"Organization","@id":"https:\/\/maskemaske.berlin\/en\/#organization","name":"maske & maske Augenoptik GbR","url":"https:\/\/maskemaske.berlin\/en\/","logo":{"@type":"ImageObject","inLanguage":"en-US","@id":"https:\/\/maskemaske.berlin\/en\/#\/schema\/logo\/image\/","url":"https:\/\/maskemaske.berlin\/2017\/wp-content\/uploads\/2017\/07\/mm_2017_logo_04.png","contentUrl":"https:\/\/maskemaske.berlin\/2017\/wp-content\/uploads\/2017\/07\/mm_2017_logo_04.png","width":403,"height":125,"caption":"maske & maske Augenoptik GbR"},"image":{"@id":"https:\/\/maskemaske.berlin\/en\/#\/schema\/logo\/image\/"},"sameAs":["https:\/\/www.facebook.com\/maskemaske.tiergarten","http:\/\/maskemaske.berlin"]}]}},"_links":{"self":[{"href":"https:\/\/maskemaske.berlin\/en\/wp-json\/wp\/v2\/pages\/634","targetHints":{"allow":["GET"]}}],"collection":[{"href":"https:\/\/maskemaske.berlin\/en\/wp-json\/wp\/v2\/pages"}],"about":[{"href":"https:\/\/maskemaske.berlin\/en\/wp-json\/wp\/v2\/types\/page"}],"author":[{"embeddable":true,"href":"https:\/\/maskemaske.berlin\/en\/wp-json\/wp\/v2\/users\/1"}],"replies":[{"embeddable":true,"href":"https:\/\/maskemaske.berlin\/en\/wp-json\/wp\/v2\/comments?post=634"}],"version-history":[{"count":15,"href":"https:\/\/maskemaske.berlin\/en\/wp-json\/wp\/v2\/pages\/634\/revisions"}],"predecessor-version":[{"id":1236,"href":"https:\/\/maskemaske.berlin\/en\/wp-json\/wp\/v2\/pages\/634\/revisions\/1236"}],"wp:attachment":[{"href":"https:\/\/maskemaske.berlin\/en\/wp-json\/wp\/v2\/media?parent=634"}],"curies":[{"name":"wp","href":"https:\/\/api.w.org\/{rel}","templated":true}]}}